{"id":2297,"date":"2023-03-08T16:57:01","date_gmt":"2023-03-08T16:57:01","guid":{"rendered":"https:\/\/www.bluewaterschoolsnetwork.ca\/donate\/"},"modified":"2023-08-25T18:08:09","modified_gmt":"2023-08-25T18:08:09","slug":"faire-un-don","status":"publish","type":"page","link":"https:\/\/www.bluewaterschoolsnetwork.ca\/fr\/faire-un-don\/","title":{"rendered":"Faire un don"},"content":{"rendered":"[vc_row type=\u00a0\u00bbfull_width_background\u00a0\u00bb full_screen_row_position=\u00a0\u00bbmiddle\u00a0\u00bb column_margin=\u00a0\u00bbdefault\u00a0\u00bb equal_height=\u00a0\u00bbyes\u00a0\u00bb column_direction=\u00a0\u00bbdefault\u00a0\u00bb column_direction_tablet=\u00a0\u00bbdefault\u00a0\u00bb column_direction_phone=\u00a0\u00bbdefault\u00a0\u00bb scene_position=\u00a0\u00bbcenter\u00a0\u00bb bottom_padding=\u00a0\u00bb3%\u00a0\u00bb text_color=\u00a0\u00bbdark\u00a0\u00bb text_align=\u00a0\u00bbleft\u00a0\u00bb row_border_radius=\u00a0\u00bbnone\u00a0\u00bb row_border_radius_applies=\u00a0\u00bbbg\u00a0\u00bb overflow=\u00a0\u00bbvisible\u00a0\u00bb overlay_strength=\u00a0\u00bb0.3&Prime; gradient_direction=\u00a0\u00bbleft_to_right\u00a0\u00bb shape_divider_position=\u00a0\u00bbbottom\u00a0\u00bb bg_image_animation=\u00a0\u00bbnone\u00a0\u00bb gradient_type=\u00a0\u00bbdefault\u00a0\u00bb shape_type=\u00a0\u00bb\u00a0\u00bb][vc_column column_padding=\u00a0\u00bbno-extra-padding\u00a0\u00bb column_padding_tablet=\u00a0\u00bbinherit\u00a0\u00bb column_padding_phone=\u00a0\u00bbinherit\u00a0\u00bb column_padding_position=\u00a0\u00bball\u00a0\u00bb column_element_direction_desktop=\u00a0\u00bbdefault\u00a0\u00bb column_element_spacing=\u00a0\u00bbdefault\u00a0\u00bb desktop_text_alignment=\u00a0\u00bbdefault\u00a0\u00bb tablet_text_alignment=\u00a0\u00bbdefault\u00a0\u00bb phone_text_alignment=\u00a0\u00bbdefault\u00a0\u00bb background_color_opacity=\u00a0\u00bb1&Prime; background_hover_color_opacity=\u00a0\u00bb1&Prime; column_backdrop_filter=\u00a0\u00bbnone\u00a0\u00bb column_shadow=\u00a0\u00bbnone\u00a0\u00bb column_border_radius=\u00a0\u00bbnone\u00a0\u00bb column_link_target=\u00a0\u00bb_self\u00a0\u00bb column_position=\u00a0\u00bbdefault\u00a0\u00bb gradient_direction=\u00a0\u00bbleft_to_right\u00a0\u00bb overlay_strength=\u00a0\u00bb0.3&Prime; width=\u00a0\u00bb2\/3&Prime; tablet_width_inherit=\u00a0\u00bbdefault\u00a0\u00bb animation_type=\u00a0\u00bbdefault\u00a0\u00bb bg_image_animation=\u00a0\u00bbnone\u00a0\u00bb border_type=\u00a0\u00bbsimple\u00a0\u00bb column_border_width=\u00a0\u00bbnone\u00a0\u00bb column_border_style=\u00a0\u00bbsolid\u00a0\u00bb column_padding_type=\u00a0\u00bbdefault\u00a0\u00bb gradient_type=\u00a0\u00bbdefault\u00a0\u00bb][vc_column_text]\n<h3>Votre don<\/h3>\n<p>Faire un don au R\u00e9seau des \u00e9coles bleues &#8211; Contribuer \u00e0 faire du R\u00e9seau des \u00e9coles bleues une initiative mondiale.<\/p>\n<p>Nous imaginons une g\u00e9n\u00e9ration habilit\u00e9e \u00e0 prot\u00e9ger l&rsquo;eau pour les personnes et la plan\u00e8te.<br \/>\nLe R\u00e9seau des \u00e9coles bleues est un r\u00e9seau \u00e0 but non lucratif. Nous sommes reconnaissants pour tous les dons.[\/vc_column_text][vc_column_text][give_form id=\u00a0\u00bb2300&Prime;][\/vc_column_text][\/vc_column][vc_column column_padding=\u00a0\u00bbpadding-3-percent\u00a0\u00bb column_padding_tablet=\u00a0\u00bbinherit\u00a0\u00bb column_padding_phone=\u00a0\u00bbinherit\u00a0\u00bb column_padding_position=\u00a0\u00bbleft-right\u00a0\u00bb column_element_direction_desktop=\u00a0\u00bbdefault\u00a0\u00bb column_element_spacing=\u00a0\u00bbdefault\u00a0\u00bb desktop_text_alignment=\u00a0\u00bbdefault\u00a0\u00bb tablet_text_alignment=\u00a0\u00bbdefault\u00a0\u00bb phone_text_alignment=\u00a0\u00bbdefault\u00a0\u00bb background_color_opacity=\u00a0\u00bb1&Prime; background_hover_color_opacity=\u00a0\u00bb1&Prime; column_backdrop_filter=\u00a0\u00bbnone\u00a0\u00bb column_shadow=\u00a0\u00bbnone\u00a0\u00bb column_border_radius=\u00a0\u00bbnone\u00a0\u00bb column_link_target=\u00a0\u00bb_self\u00a0\u00bb column_position=\u00a0\u00bbdefault\u00a0\u00bb el_class=\u00a0\u00bbbg-bubles-top\u00a0\u00bb gradient_direction=\u00a0\u00bbleft_to_right\u00a0\u00bb overlay_strength=\u00a0\u00bb0.3&Prime; width=\u00a0\u00bb1\/3&Prime; tablet_width_inherit=\u00a0\u00bbdefault\u00a0\u00bb animation_type=\u00a0\u00bbdefault\u00a0\u00bb bg_image_animation=\u00a0\u00bbnone\u00a0\u00bb border_type=\u00a0\u00bbsimple\u00a0\u00bb column_border_width=\u00a0\u00bbnone\u00a0\u00bb column_border_style=\u00a0\u00bbsolid\u00a0\u00bb column_padding_type=\u00a0\u00bbdefault\u00a0\u00bb gradient_type=\u00a0\u00bbdefault\u00a0\u00bb][vc_column_text]\n<h3>O\u00f9 va votre argent<\/h3>\n<p>Les dons soutiennent des activit\u00e9s d&rsquo;\u00e9ducation et de sensibilisation visant \u00e0 promouvoir l&rsquo;importance de l&rsquo;eau propre et la n\u00e9cessit\u00e9 d&rsquo;une \u00e9ducation sur l&rsquo;importance de l&rsquo;eau propre et sur la mani\u00e8re de la prot\u00e9ger.<\/p>\n<p>Notre programme innovant de formation des \u00e9tudiants offre aux \u00e9ducateurs des ressources gratuites, attrayantes et percutantes qui les aideront \u00e0 former la prochaine g\u00e9n\u00e9ration de protecteurs de l&rsquo;eau. Nous avons l&rsquo;\u00e9quipe et nous avons besoin de ressources pour cr\u00e9er un mouvement mondial. Votre soutien signifie litt\u00e9ralement le monde.[\/vc_column_text][\/vc_column][\/vc_row]\n","protected":false},"excerpt":{"rendered":"<p>[vc_row type=\u00a0\u00bbfull_width_background\u00a0\u00bb full_screen_row_position=\u00a0\u00bbmiddle\u00a0\u00bb column_margin=\u00a0\u00bbdefault\u00a0\u00bb equal_height=\u00a0\u00bbyes\u00a0\u00bb column_direction=\u00a0\u00bbdefault\u00a0\u00bb column_direction_tablet=\u00a0\u00bbdefault\u00a0\u00bb column_direction_phone=\u00a0\u00bbdefault\u00a0\u00bb scene_position=\u00a0\u00bbcenter\u00a0\u00bb bottom_padding=\u00a0\u00bb3%\u00a0\u00bb text_color=\u00a0\u00bbdark\u00a0\u00bb text_align=\u00a0\u00bbleft\u00a0\u00bb row_border_radius=\u00a0\u00bbnone\u00a0\u00bb row_border_radius_applies=\u00a0\u00bbbg\u00a0\u00bb overflow=\u00a0\u00bbvisible\u00a0\u00bb overlay_strength=\u00a0\u00bb0.3&Prime; gradient_direction=\u00a0\u00bbleft_to_right\u00a0\u00bb shape_divider_position=\u00a0\u00bbbottom\u00a0\u00bb bg_image_animation=\u00a0\u00bbnone\u00a0\u00bb gradient_type=\u00a0\u00bbdefault\u00a0\u00bb shape_type=\u00a0\u00bb\u00a0\u00bb][vc_column column_padding=\u00a0\u00bbno-extra-padding\u00a0\u00bb column_padding_tablet=\u00a0\u00bbinherit\u00a0\u00bb column_padding_phone=\u00a0\u00bbinherit\u00a0\u00bb column_padding_position=\u00a0\u00bball\u00a0\u00bb column_element_direction_desktop=\u00a0\u00bbdefault\u00a0\u00bb column_element_spacing=\u00a0\u00bbdefault\u00a0\u00bb desktop_text_alignment=\u00a0\u00bbdefault\u00a0\u00bb tablet_text_alignment=\u00a0\u00bbdefault\u00a0\u00bb phone_text_alignment=\u00a0\u00bbdefault\u00a0\u00bb background_color_opacity=\u00a0\u00bb1&Prime;&#8230;<\/p>\n","protected":false},"author":1,"featured_media":0,"parent":0,"menu_order":0,"comment_status":"closed","ping_status":"closed","template":"","meta":{"_acf_changed":false,"inline_featured_image":false,"footnotes":""},"class_list":["post-2297","page","type-page","status-publish"],"acf":[],"yoast_head":"<!-- This site is optimized with the Yoast SEO plugin v25.6 - https:\/\/yoast.com\/wordpress\/plugins\/seo\/ -->\n<title>Faire un don - R\u00e9seau des \u00e9coles bleues<\/title>\n<meta name=\"description\" content=\"Faites un don au R\u00e9seau des \u00e9coles bleues - Aidez \u00e0 transformer le R\u00e9seau des \u00e9coles bleues en une initiative mondiale. Nous envisageons une g\u00e9n\u00e9ration habilit\u00e9e \u00e0 prot\u00e9ger l&#039;eau pour les personnes et la plan\u00e8te. Le R\u00e9seau des \u00e9coles bleues est un r\u00e9seau \u00e0 but non lucratif. Tous les dons sont re\u00e7us avec gratitude.\" \/>\n<meta name=\"robots\" content=\"index, follow, max-snippet:-1, max-image-preview:large, max-video-preview:-1\" \/>\n<link rel=\"canonical\" href=\"https:\/\/www.bluewaterschoolsnetwork.ca\/fr\/faire-un-don\/\" \/>\n<meta property=\"og:locale\" content=\"fr_FR\" \/>\n<meta property=\"og:type\" content=\"article\" \/>\n<meta property=\"og:title\" content=\"Faire un don - R\u00e9seau des \u00e9coles bleues\" \/>\n<meta property=\"og:description\" content=\"Faites un don au R\u00e9seau des \u00e9coles bleues - Aidez \u00e0 transformer le R\u00e9seau des \u00e9coles bleues en une initiative mondiale. Nous envisageons une g\u00e9n\u00e9ration habilit\u00e9e \u00e0 prot\u00e9ger l&#039;eau pour les personnes et la plan\u00e8te. Le R\u00e9seau des \u00e9coles bleues est un r\u00e9seau \u00e0 but non lucratif. Tous les dons sont re\u00e7us avec gratitude.\" \/>\n<meta property=\"og:url\" content=\"https:\/\/www.bluewaterschoolsnetwork.ca\/fr\/faire-un-don\/\" \/>\n<meta property=\"og:site_name\" content=\"R\u00e9seau des \u00e9coles bleues\" \/>\n<meta property=\"article:publisher\" content=\"https:\/\/www.facebook.com\/BlueSchools.EcolesBleues\" \/>\n<meta property=\"article:modified_time\" content=\"2023-08-25T18:08:09+00:00\" \/>\n<meta name=\"twitter:card\" content=\"summary_large_image\" \/>\n<meta name=\"twitter:label1\" content=\"Dur\u00e9e de lecture estim\u00e9e\" \/>\n\t<meta name=\"twitter:data1\" content=\"1 minute\" \/>\n<script type=\"application\/ld+json\" class=\"yoast-schema-graph\">{\"@context\":\"https:\/\/schema.org\",\"@graph\":[{\"@type\":\"WebPage\",\"@id\":\"https:\/\/www.bluewaterschoolsnetwork.ca\/fr\/faire-un-don\/\",\"url\":\"https:\/\/www.bluewaterschoolsnetwork.ca\/fr\/faire-un-don\/\",\"name\":\"Faire un don - R\u00e9seau des \u00e9coles bleues\",\"isPartOf\":{\"@id\":\"https:\/\/www.bluewaterschoolsnetwork.ca\/fr\/#website\"},\"datePublished\":\"2023-03-08T16:57:01+00:00\",\"dateModified\":\"2023-08-25T18:08:09+00:00\",\"description\":\"Faites un don au R\u00e9seau des \u00e9coles bleues - Aidez \u00e0 transformer le R\u00e9seau des \u00e9coles bleues en une initiative mondiale. Nous envisageons une g\u00e9n\u00e9ration habilit\u00e9e \u00e0 prot\u00e9ger l'eau pour les personnes et la plan\u00e8te. Le R\u00e9seau des \u00e9coles bleues est un r\u00e9seau \u00e0 but non lucratif. Tous les dons sont re\u00e7us avec gratitude.\",\"breadcrumb\":{\"@id\":\"https:\/\/www.bluewaterschoolsnetwork.ca\/fr\/faire-un-don\/#breadcrumb\"},\"inLanguage\":\"fr-FR\",\"potentialAction\":[{\"@type\":\"ReadAction\",\"target\":[\"https:\/\/www.bluewaterschoolsnetwork.ca\/fr\/faire-un-don\/\"]}]},{\"@type\":\"BreadcrumbList\",\"@id\":\"https:\/\/www.bluewaterschoolsnetwork.ca\/fr\/faire-un-don\/#breadcrumb\",\"itemListElement\":[{\"@type\":\"ListItem\",\"position\":1,\"name\":\"Home\",\"item\":\"https:\/\/www.bluewaterschoolsnetwork.ca\/fr\/\"},{\"@type\":\"ListItem\",\"position\":2,\"name\":\"Faire un don\"}]},{\"@type\":\"WebSite\",\"@id\":\"https:\/\/www.bluewaterschoolsnetwork.ca\/fr\/#website\",\"url\":\"https:\/\/www.bluewaterschoolsnetwork.ca\/fr\/\",\"name\":\"R\u00e9seau des \u00e9coles bleues\",\"description\":\"Educating for a Blue Future\",\"publisher\":{\"@id\":\"https:\/\/www.bluewaterschoolsnetwork.ca\/fr\/#organization\"},\"potentialAction\":[{\"@type\":\"SearchAction\",\"target\":{\"@type\":\"EntryPoint\",\"urlTemplate\":\"https:\/\/www.bluewaterschoolsnetwork.ca\/fr\/?s={search_term_string}\"},\"query-input\":{\"@type\":\"PropertyValueSpecification\",\"valueRequired\":true,\"valueName\":\"search_term_string\"}}],\"inLanguage\":\"fr-FR\"},{\"@type\":\"Organization\",\"@id\":\"https:\/\/www.bluewaterschoolsnetwork.ca\/fr\/#organization\",\"name\":\"R\u00e9seau des \u00e9coles bleues\",\"url\":\"https:\/\/www.bluewaterschoolsnetwork.ca\/fr\/\",\"logo\":{\"@type\":\"ImageObject\",\"inLanguage\":\"fr-FR\",\"@id\":\"https:\/\/www.bluewaterschoolsnetwork.ca\/fr\/#\/schema\/logo\/image\/\",\"url\":\"https:\/\/www.bluewaterschoolsnetwork.ca\/wp-content\/uploads\/2023\/02\/bsn-logo.png\",\"contentUrl\":\"https:\/\/www.bluewaterschoolsnetwork.ca\/wp-content\/uploads\/2023\/02\/bsn-logo.png\",\"width\":800,\"height\":313,\"caption\":\"R\u00e9seau des \u00e9coles bleues\"},\"image\":{\"@id\":\"https:\/\/www.bluewaterschoolsnetwork.ca\/fr\/#\/schema\/logo\/image\/\"},\"sameAs\":[\"https:\/\/www.facebook.com\/BlueSchools.EcolesBleues\"]}]}<\/script>\n<!-- \/ Yoast SEO plugin. -->","yoast_head_json":{"title":"Faire un don - R\u00e9seau des \u00e9coles bleues","description":"Faites un don au R\u00e9seau des \u00e9coles bleues - Aidez \u00e0 transformer le R\u00e9seau des \u00e9coles bleues en une initiative mondiale. Nous envisageons une g\u00e9n\u00e9ration habilit\u00e9e \u00e0 prot\u00e9ger l'eau pour les personnes et la plan\u00e8te. Le R\u00e9seau des \u00e9coles bleues est un r\u00e9seau \u00e0 but non lucratif. Tous les dons sont re\u00e7us avec gratitude.","robots":{"index":"index","follow":"follow","max-snippet":"max-snippet:-1","max-image-preview":"max-image-preview:large","max-video-preview":"max-video-preview:-1"},"canonical":"https:\/\/www.bluewaterschoolsnetwork.ca\/fr\/faire-un-don\/","og_locale":"fr_FR","og_type":"article","og_title":"Faire un don - R\u00e9seau des \u00e9coles bleues","og_description":"Faites un don au R\u00e9seau des \u00e9coles bleues - Aidez \u00e0 transformer le R\u00e9seau des \u00e9coles bleues en une initiative mondiale. Nous envisageons une g\u00e9n\u00e9ration habilit\u00e9e \u00e0 prot\u00e9ger l'eau pour les personnes et la plan\u00e8te. Le R\u00e9seau des \u00e9coles bleues est un r\u00e9seau \u00e0 but non lucratif. Tous les dons sont re\u00e7us avec gratitude.","og_url":"https:\/\/www.bluewaterschoolsnetwork.ca\/fr\/faire-un-don\/","og_site_name":"R\u00e9seau des \u00e9coles bleues","article_publisher":"https:\/\/www.facebook.com\/BlueSchools.EcolesBleues","article_modified_time":"2023-08-25T18:08:09+00:00","twitter_card":"summary_large_image","twitter_misc":{"Dur\u00e9e de lecture estim\u00e9e":"1 minute"},"schema":{"@context":"https:\/\/schema.org","@graph":[{"@type":"WebPage","@id":"https:\/\/www.bluewaterschoolsnetwork.ca\/fr\/faire-un-don\/","url":"https:\/\/www.bluewaterschoolsnetwork.ca\/fr\/faire-un-don\/","name":"Faire un don - R\u00e9seau des \u00e9coles bleues","isPartOf":{"@id":"https:\/\/www.bluewaterschoolsnetwork.ca\/fr\/#website"},"datePublished":"2023-03-08T16:57:01+00:00","dateModified":"2023-08-25T18:08:09+00:00","description":"Faites un don au R\u00e9seau des \u00e9coles bleues - Aidez \u00e0 transformer le R\u00e9seau des \u00e9coles bleues en une initiative mondiale. Nous envisageons une g\u00e9n\u00e9ration habilit\u00e9e \u00e0 prot\u00e9ger l'eau pour les personnes et la plan\u00e8te. Le R\u00e9seau des \u00e9coles bleues est un r\u00e9seau \u00e0 but non lucratif. Tous les dons sont re\u00e7us avec gratitude.","breadcrumb":{"@id":"https:\/\/www.bluewaterschoolsnetwork.ca\/fr\/faire-un-don\/#breadcrumb"},"inLanguage":"fr-FR","potentialAction":[{"@type":"ReadAction","target":["https:\/\/www.bluewaterschoolsnetwork.ca\/fr\/faire-un-don\/"]}]},{"@type":"BreadcrumbList","@id":"https:\/\/www.bluewaterschoolsnetwork.ca\/fr\/faire-un-don\/#breadcrumb","itemListElement":[{"@type":"ListItem","position":1,"name":"Home","item":"https:\/\/www.bluewaterschoolsnetwork.ca\/fr\/"},{"@type":"ListItem","position":2,"name":"Faire un don"}]},{"@type":"WebSite","@id":"https:\/\/www.bluewaterschoolsnetwork.ca\/fr\/#website","url":"https:\/\/www.bluewaterschoolsnetwork.ca\/fr\/","name":"R\u00e9seau des \u00e9coles bleues","description":"Educating for a Blue Future","publisher":{"@id":"https:\/\/www.bluewaterschoolsnetwork.ca\/fr\/#organization"},"potentialAction":[{"@type":"SearchAction","target":{"@type":"EntryPoint","urlTemplate":"https:\/\/www.bluewaterschoolsnetwork.ca\/fr\/?s={search_term_string}"},"query-input":{"@type":"PropertyValueSpecification","valueRequired":true,"valueName":"search_term_string"}}],"inLanguage":"fr-FR"},{"@type":"Organization","@id":"https:\/\/www.bluewaterschoolsnetwork.ca\/fr\/#organization","name":"R\u00e9seau des \u00e9coles bleues","url":"https:\/\/www.bluewaterschoolsnetwork.ca\/fr\/","logo":{"@type":"ImageObject","inLanguage":"fr-FR","@id":"https:\/\/www.bluewaterschoolsnetwork.ca\/fr\/#\/schema\/logo\/image\/","url":"https:\/\/www.bluewaterschoolsnetwork.ca\/wp-content\/uploads\/2023\/02\/bsn-logo.png","contentUrl":"https:\/\/www.bluewaterschoolsnetwork.ca\/wp-content\/uploads\/2023\/02\/bsn-logo.png","width":800,"height":313,"caption":"R\u00e9seau des \u00e9coles bleues"},"image":{"@id":"https:\/\/www.bluewaterschoolsnetwork.ca\/fr\/#\/schema\/logo\/image\/"},"sameAs":["https:\/\/www.facebook.com\/BlueSchools.EcolesBleues"]}]}},"_links":{"self":[{"href":"https:\/\/www.bluewaterschoolsnetwork.ca\/fr\/wp-json\/wp\/v2\/pages\/2297"}],"collection":[{"href":"https:\/\/www.bluewaterschoolsnetwork.ca\/fr\/wp-json\/wp\/v2\/pages"}],"about":[{"href":"https:\/\/www.bluewaterschoolsnetwork.ca\/fr\/wp-json\/wp\/v2\/types\/page"}],"author":[{"embeddable":true,"href":"https:\/\/www.bluewaterschoolsnetwork.ca\/fr\/wp-json\/wp\/v2\/users\/1"}],"replies":[{"embeddable":true,"href":"https:\/\/www.bluewaterschoolsnetwork.ca\/fr\/wp-json\/wp\/v2\/comments?post=2297"}],"version-history":[{"count":5,"href":"https:\/\/www.bluewaterschoolsnetwork.ca\/fr\/wp-json\/wp\/v2\/pages\/2297\/revisions"}],"predecessor-version":[{"id":2648,"href":"https:\/\/www.bluewaterschoolsnetwork.ca\/fr\/wp-json\/wp\/v2\/pages\/2297\/revisions\/2648"}],"wp:attachment":[{"href":"https:\/\/www.bluewaterschoolsnetwork.ca\/fr\/wp-json\/wp\/v2\/media?parent=2297"}],"curies":[{"name":"wp","href":"https:\/\/api.w.org\/{rel}","templated":true}]}}